{"id":617,"date":"2017-04-03T11:21:31","date_gmt":"2017-04-03T09:21:31","guid":{"rendered":"https:\/\/www.vakantiehuisjeswaddenrust.nl\/de\/?page_id=617"},"modified":"2020-09-26T19:23:10","modified_gmt":"2020-09-26T17:23:10","slug":"schoenste-insel-von-niederlanden","status":"publish","type":"page","link":"https:\/\/www.vakantiehuisjeswaddenrust.nl\/de\/","title":{"rendered":"Die Sch\u00f6nste Insel von den Niederlanden"},"content":{"rendered":"<p>Wir finden Schiermonnikoog einen sch\u00f6nen Ort um zu sein. Und wir sind nat\u00fcrlich nicht die einzigsten. Die weite Natur und die grossen Str\u00e4nde geben der Insel eine Ruhe, die schon eh und je zichtausende Inselliebhaber zur R\u00fcckkehr anzieht. Neben der Ruhe der Insel, k\u00f6nnen Sie auf der Insel auch noch von allem etwas erleben und bewundern.<\/p>\n<p>Die Ruhe und Vielseitigkeit sind f\u00fcr uns zwei Basiselemente, die wir versuchen in unseren Ferienwohnung zu wiederspiegeln. Hierf\u00fcr sind wir st\u00e4ndig auf der Insel auf der Suche nach Inspiration, um dieses zu verst\u00e4rken. Wir denken, dass unsere Ferienh\u00e4user durch unsere Liebe zur Insel f\u00fcr jeden geeignet sind, die auch Schiermonnikoog m\u00f6gen, ob alt oder jung.<\/p>\n<p>Hierunter k\u00f6nnen Sie einen weiteren Eindruck von unseren Ferienh\u00e4usern bekommen.<\/p>\n","protected":false},"excerpt":{"rendered":"<p>Wir finden Schiermonnikoog einen sch\u00f6nen Ort um zu sein. Und wir sind nat\u00fcrlich nicht die einzigsten. Die weite Natur und die grossen Str\u00e4nde geben der Insel eine Ruhe, die schon eh und je zichtausende Inselliebhaber zur R\u00fcckkehr anzieht. Neben der Ruhe der Insel, k\u00f6nnen Sie auf der Insel auch noch von allem etwas erleben und [&hellip;]<\/p>\n","protected":false},"author":4,"featured_media":0,"parent":0,"menu_order":0,"comment_status":"closed","ping_status":"closed","template":"","meta":[],"_links":{"self":[{"href":"https:\/\/www.vakantiehuisjeswaddenrust.nl\/de\/wp-json\/wp\/v2\/pages\/617"}],"collection":[{"href":"https:\/\/www.vakantiehuisjeswaddenrust.nl\/de\/wp-json\/wp\/v2\/pages"}],"about":[{"href":"https:\/\/www.vakantiehuisjeswaddenrust.nl\/de\/wp-json\/wp\/v2\/types\/page"}],"author":[{"embeddable":true,"href":"https:\/\/www.vakantiehuisjeswaddenrust.nl\/de\/wp-json\/wp\/v2\/users\/4"}],"replies":[{"embeddable":true,"href":"https:\/\/www.vakantiehuisjeswaddenrust.nl\/de\/wp-json\/wp\/v2\/comments?post=617"}],"version-history":[{"count":25,"href":"https:\/\/www.vakantiehuisjeswaddenrust.nl\/de\/wp-json\/wp\/v2\/pages\/617\/revisions"}],"predecessor-version":[{"id":2323,"href":"https:\/\/www.vakantiehuisjeswaddenrust.nl\/de\/wp-json\/wp\/v2\/pages\/617\/revisions\/2323"}],"wp:attachment":[{"href":"https:\/\/www.vakantiehuisjeswaddenrust.nl\/de\/wp-json\/wp\/v2\/media?parent=617"}],"curies":[{"name":"wp","href":"https:\/\/api.w.org\/{rel}","templated":true}]}}