{"id":642,"date":"2017-04-04T09:22:33","date_gmt":"2017-04-04T07:22:33","guid":{"rendered":"https:\/\/www.vakantiehuisjeswaddenrust.nl\/de\/?page_id=642"},"modified":"2020-10-08T09:34:33","modified_gmt":"2020-10-08T07:34:33","slug":"kontakt","status":"publish","type":"page","link":"https:\/\/www.vakantiehuisjeswaddenrust.nl\/de\/kontakt\/","title":{"rendered":"Ihr Spa\u00df unsere Leidenschaft"},"content":{"rendered":"<p>Als Botschafter des Nationalparks Schiermonnikoog lieben wir als kein anderer \u201cUs Lytje Pole\u201d. T\u00e4glich geniessen wir wieder von all dem Leben und der st\u00e4ndigen Ver\u00e4nderungen auf der Insel. Kein Tag ist derselbe.<\/p>\n<p>Jeden Tag sind wir besch\u00e4ftigt mit \u201cWaddenrust\u201d, aber wir sorgen daf\u00fcr um ab und zu Zeit zu haben, um einfach raus zu gehen und von unserem Schier zu geniessen.<\/p>\n<p>Seit 2007 sind wir die Eigent\u00fcmer von \u201cVakantiehuisjes Waddenrust\u201d. Die Ferienh\u00e4user sind schon mehr als 50 Jahre in der Familie unter den Namen \u201cVakantiehuisjes Soepboer\u201d. Zusammen haben wir schon ein paar Jahre die Ferienh\u00e4user vermietet. Nachdem die Eltern von Theo angegeben hatten um aufzuh\u00f6ren, haben wir nicht lange daran gezweifelt um die Firma zu \u00fcbernehmen. Sowas muss einfach in der Familie bleiben.<\/p>\n<p>Es folgten ein paar Jahre von Renovieren und Umbauen um die H\u00e4user wieder in den heutigen Stand zu setzen. Aber inzwischen haben wir alle gr\u00f6sseren Renovierungen gemacht, dennoch sind wir st\u00e4ndig dabei um Sachen zu erneuern. Zusammen haben wir unendlich viele Ideen. Sogar in unserem Urlaub sind wir oft noch mit unseren H\u00e4uschen besch\u00e4ftigt. Was wir alles noch verbessern k\u00f6nnten, herrlich, wir haben einen SUPER Job.<\/p>\n","protected":false},"excerpt":{"rendered":"<p>Als Botschafter des Nationalparks Schiermonnikoog lieben wir als kein anderer \u201cUs Lytje Pole\u201d. T\u00e4glich geniessen wir wieder von all dem Leben und der st\u00e4ndigen Ver\u00e4nderungen auf der Insel. Kein Tag ist derselbe. Jeden Tag sind wir besch\u00e4ftigt mit \u201cWaddenrust\u201d, aber wir sorgen daf\u00fcr um ab und zu Zeit zu haben, um einfach raus zu gehen [&hellip;]<\/p>\n","protected":false},"author":4,"featured_media":0,"parent":0,"menu_order":0,"comment_status":"closed","ping_status":"closed","template":"template-contact.php","meta":[],"_links":{"self":[{"href":"https:\/\/www.vakantiehuisjeswaddenrust.nl\/de\/wp-json\/wp\/v2\/pages\/642"}],"collection":[{"href":"https:\/\/www.vakantiehuisjeswaddenrust.nl\/de\/wp-json\/wp\/v2\/pages"}],"about":[{"href":"https:\/\/www.vakantiehuisjeswaddenrust.nl\/de\/wp-json\/wp\/v2\/types\/page"}],"author":[{"embeddable":true,"href":"https:\/\/www.vakantiehuisjeswaddenrust.nl\/de\/wp-json\/wp\/v2\/users\/4"}],"replies":[{"embeddable":true,"href":"https:\/\/www.vakantiehuisjeswaddenrust.nl\/de\/wp-json\/wp\/v2\/comments?post=642"}],"version-history":[{"count":13,"href":"https:\/\/www.vakantiehuisjeswaddenrust.nl\/de\/wp-json\/wp\/v2\/pages\/642\/revisions"}],"predecessor-version":[{"id":2329,"href":"https:\/\/www.vakantiehuisjeswaddenrust.nl\/de\/wp-json\/wp\/v2\/pages\/642\/revisions\/2329"}],"wp:attachment":[{"href":"https:\/\/www.vakantiehuisjeswaddenrust.nl\/de\/wp-json\/wp\/v2\/media?parent=642"}],"curies":[{"name":"wp","href":"https:\/\/api.w.org\/{rel}","templated":true}]}}